{"id":592,"date":"2014-04-23T16:41:50","date_gmt":"2014-04-23T14:41:50","guid":{"rendered":"http:\/\/www.mallobee.com\/wp\/?page_id=592"},"modified":"2025-03-30T16:55:35","modified_gmt":"2025-03-30T14:55:35","slug":"europa","status":"publish","type":"page","link":"https:\/\/www.mallobee.com\/wp\/?page_id=592","title":{"rendered":"Europa"},"content":{"rendered":"<p>Mein Heimatkontinent. Noch habe ich nicht alle L\u00e4nder bereist, aber ich berichte aus:<\/p>\n<ul>\n<li>Aland<\/li>\n<li><a href=\"https:\/\/www.mallobee.com\/wp\/?p=4470\">Albanien<\/a><\/li>\n<li>Belgien<\/li>\n<li>Bosnien<\/li>\n<li>D\u00e4nemark<\/li>\n<li><a title=\"Deutschland\" href=\"https:\/\/www.mallobee.com\/wp\/?page_id=1209\">Deutschland<\/a><\/li>\n<li><a href=\"https:\/\/www.mallobee.com\/wp\/?p=6542\">Far\u00f6er<\/a><\/li>\n<li><a title=\"Finnland\" href=\"https:\/\/www.mallobee.com\/wp\/?p=1640\">Finnland<\/a><\/li>\n<li><a title=\"Frankreich\" href=\"https:\/\/www.mallobee.com\/wp\/?page_id=1203\">Frankreich<\/a><\/li>\n<li><a href=\"https:\/\/www.mallobee.com\/wp\/?page_id=2975\">Griechenland<\/a><\/li>\n<li><a title=\"Gro\u00dfbritannien\" href=\"https:\/\/www.mallobee.com\/wp\/?page_id=1207\">Gro\u00dfbritannien<\/a><\/li>\n<li><a title=\"Irland\" href=\"https:\/\/www.mallobee.com\/wp\/?page_id=1205\">Irland<\/a><\/li>\n<li><a href=\"https:\/\/www.mallobee.com\/wp\/?p=6111\">Italien<\/a><\/li>\n<li><a href=\"https:\/\/www.mallobee.com\/wp\/?p=4470\">Kosovo<\/a><\/li>\n<li><a href=\"https:\/\/www.mallobee.com\/wp\/?p=3785\">Kroatien<\/a><\/li>\n<li>Liechtenstein<\/li>\n<li>Luxemburg<\/li>\n<li><a href=\"https:\/\/www.mallobee.com\/wp\/?p=4619\">Moldawien<\/a><\/li>\n<li><a href=\"https:\/\/www.mallobee.com\/wp\/?p=4470\">Montenegro<\/a><\/li>\n<li>Niederlande<\/li>\n<li><a title=\"Norwegen\" href=\"https:\/\/www.mallobee.com\/wp\/?page_id=1211\">Norwegen<\/a><\/li>\n<li>\u00d6sterreich<\/li>\n<li><a href=\"https:\/\/www.mallobee.com\/wp\/?p=4619\">Rum\u00e4nien<\/a><\/li>\n<li><a href=\"https:\/\/www.mallobee.com\/wp\/?p=6111\">San Marino<\/a><\/li>\n<li><a href=\"https:\/\/www.mallobee.com\/wp\/?page_id=1211\">Schweden<\/a><\/li>\n<li>Schweiz<\/li>\n<li><a href=\"https:\/\/www.mallobee.com\/wp\/?p=3326\">Serbien<\/a><\/li>\n<li><a href=\"https:\/\/www.mallobee.com\/wp\/?p=3497\">Slowakei<\/a><\/li>\n<li>Slowenien<\/li>\n<li><a title=\"Spanien\" href=\"https:\/\/www.mallobee.com\/wp\/?page_id=1215\">Spanien<\/a><\/li>\n<li>Tschechien<\/li>\n<li><a href=\"https:\/\/www.mallobee.com\/wp\/?p=3497\">Ungarn<\/a><\/li>\n<li><a href=\"https:\/\/www.mallobee.com\/wp\/?p=5682\">Zypern<\/a><\/li>\n<\/ul>\n\n\n<p><\/p>\n","protected":false},"excerpt":{"rendered":"<p>Mein Heimatkontinent. Noch habe ich nicht alle L\u00e4nder bereist, aber ich berichte aus: Aland Albanien Belgien Bosnien D\u00e4nemark Deutschland Far\u00f6er Finnland Frankreich Griechenland Gro\u00dfbritannien Irland Italien Kosovo Kroatien Liechtenstein Luxemburg Moldawien Montenegro Niederlande Norwegen \u00d6sterreich Rum\u00e4nien San Marino Schweden Schweiz Serbien Slowakei Slowenien Spanien Tschechien Ungarn Zypern<\/p>\n","protected":false},"author":1,"featured_media":0,"parent":19,"menu_order":0,"comment_status":"closed","ping_status":"open","template":"","meta":{"footnotes":""},"class_list":["post-592","page","type-page","status-publish","hentry"],"yoast_head":"<!-- This site is optimized with the Yoast SEO plugin v27.6 - https:\/\/yoast.com\/product\/yoast-seo-wordpress\/ -->\n<title>Europa - mallobee.com<\/title>\n<meta name=\"robots\" content=\"index, follow, max-snippet:-1, max-image-preview:large, max-video-preview:-1\" \/>\n<link rel=\"canonical\" href=\"https:\/\/www.mallobee.com\/wp\/?page_id=592\" \/>\n<meta property=\"og:locale\" content=\"de_DE\" \/>\n<meta property=\"og:type\" content=\"article\" \/>\n<meta property=\"og:title\" content=\"Europa - mallobee.com\" \/>\n<meta property=\"og:description\" content=\"Mein Heimatkontinent. Noch habe ich nicht alle L\u00e4nder bereist, aber ich berichte aus: Aland Albanien Belgien Bosnien D\u00e4nemark Deutschland Far\u00f6er Finnland Frankreich Griechenland Gro\u00dfbritannien Irland Italien Kosovo Kroatien Liechtenstein Luxemburg Moldawien Montenegro Niederlande Norwegen \u00d6sterreich Rum\u00e4nien San Marino Schweden Schweiz Serbien Slowakei Slowenien Spanien Tschechien Ungarn Zypern\" \/>\n<meta property=\"og:url\" content=\"https:\/\/www.mallobee.com\/wp\/?page_id=592\" \/>\n<meta property=\"og:site_name\" content=\"mallobee.com\" \/>\n<meta property=\"article:modified_time\" content=\"2025-03-30T14:55:35+00:00\" \/>\n<meta name=\"twitter:card\" content=\"summary_large_image\" \/>\n<script type=\"application\/ld+json\" class=\"yoast-schema-graph\">{\"@context\":\"https:\\\/\\\/schema.org\",\"@graph\":[{\"@type\":\"WebPage\",\"@id\":\"https:\\\/\\\/www.mallobee.com\\\/wp\\\/?page_id=592\",\"url\":\"https:\\\/\\\/www.mallobee.com\\\/wp\\\/?page_id=592\",\"name\":\"Europa - mallobee.com\",\"isPartOf\":{\"@id\":\"https:\\\/\\\/www.mallobee.com\\\/wp\\\/#website\"},\"datePublished\":\"2014-04-23T14:41:50+00:00\",\"dateModified\":\"2025-03-30T14:55:35+00:00\",\"breadcrumb\":{\"@id\":\"https:\\\/\\\/www.mallobee.com\\\/wp\\\/?page_id=592#breadcrumb\"},\"inLanguage\":\"de\",\"potentialAction\":[{\"@type\":\"ReadAction\",\"target\":[\"https:\\\/\\\/www.mallobee.com\\\/wp\\\/?page_id=592\"]}]},{\"@type\":\"BreadcrumbList\",\"@id\":\"https:\\\/\\\/www.mallobee.com\\\/wp\\\/?page_id=592#breadcrumb\",\"itemListElement\":[{\"@type\":\"ListItem\",\"position\":1,\"name\":\"Start\",\"item\":\"https:\\\/\\\/www.mallobee.com\\\/wp\"},{\"@type\":\"ListItem\",\"position\":2,\"name\":\"Reisen\",\"item\":\"https:\\\/\\\/www.mallobee.com\\\/wp\\\/?page_id=19\"},{\"@type\":\"ListItem\",\"position\":3,\"name\":\"Europa\"}]},{\"@type\":\"WebSite\",\"@id\":\"https:\\\/\\\/www.mallobee.com\\\/wp\\\/#website\",\"url\":\"https:\\\/\\\/www.mallobee.com\\\/wp\\\/\",\"name\":\"mallobee.com\",\"description\":\"Live life and have fun\",\"potentialAction\":[{\"@type\":\"SearchAction\",\"target\":{\"@type\":\"EntryPoint\",\"urlTemplate\":\"https:\\\/\\\/www.mallobee.com\\\/wp\\\/?s={search_term_string}\"},\"query-input\":{\"@type\":\"PropertyValueSpecification\",\"valueRequired\":true,\"valueName\":\"search_term_string\"}}],\"inLanguage\":\"de\"}]}<\/script>\n<!-- \/ Yoast SEO plugin. -->","yoast_head_json":{"title":"Europa - mallobee.com","robots":{"index":"index","follow":"follow","max-snippet":"max-snippet:-1","max-image-preview":"max-image-preview:large","max-video-preview":"max-video-preview:-1"},"canonical":"https:\/\/www.mallobee.com\/wp\/?page_id=592","og_locale":"de_DE","og_type":"article","og_title":"Europa - mallobee.com","og_description":"Mein Heimatkontinent. Noch habe ich nicht alle L\u00e4nder bereist, aber ich berichte aus: Aland Albanien Belgien Bosnien D\u00e4nemark Deutschland Far\u00f6er Finnland Frankreich Griechenland Gro\u00dfbritannien Irland Italien Kosovo Kroatien Liechtenstein Luxemburg Moldawien Montenegro Niederlande Norwegen \u00d6sterreich Rum\u00e4nien San Marino Schweden Schweiz Serbien Slowakei Slowenien Spanien Tschechien Ungarn Zypern","og_url":"https:\/\/www.mallobee.com\/wp\/?page_id=592","og_site_name":"mallobee.com","article_modified_time":"2025-03-30T14:55:35+00:00","twitter_card":"summary_large_image","schema":{"@context":"https:\/\/schema.org","@graph":[{"@type":"WebPage","@id":"https:\/\/www.mallobee.com\/wp\/?page_id=592","url":"https:\/\/www.mallobee.com\/wp\/?page_id=592","name":"Europa - mallobee.com","isPartOf":{"@id":"https:\/\/www.mallobee.com\/wp\/#website"},"datePublished":"2014-04-23T14:41:50+00:00","dateModified":"2025-03-30T14:55:35+00:00","breadcrumb":{"@id":"https:\/\/www.mallobee.com\/wp\/?page_id=592#breadcrumb"},"inLanguage":"de","potentialAction":[{"@type":"ReadAction","target":["https:\/\/www.mallobee.com\/wp\/?page_id=592"]}]},{"@type":"BreadcrumbList","@id":"https:\/\/www.mallobee.com\/wp\/?page_id=592#breadcrumb","itemListElement":[{"@type":"ListItem","position":1,"name":"Start","item":"https:\/\/www.mallobee.com\/wp"},{"@type":"ListItem","position":2,"name":"Reisen","item":"https:\/\/www.mallobee.com\/wp\/?page_id=19"},{"@type":"ListItem","position":3,"name":"Europa"}]},{"@type":"WebSite","@id":"https:\/\/www.mallobee.com\/wp\/#website","url":"https:\/\/www.mallobee.com\/wp\/","name":"mallobee.com","description":"Live life and have fun","potentialAction":[{"@type":"SearchAction","target":{"@type":"EntryPoint","urlTemplate":"https:\/\/www.mallobee.com\/wp\/?s={search_term_string}"},"query-input":{"@type":"PropertyValueSpecification","valueRequired":true,"valueName":"search_term_string"}}],"inLanguage":"de"}]}},"jetpack_sharing_enabled":true,"jetpack_shortlink":"https:\/\/wp.me\/P4zjIh-9y","jetpack_likes_enabled":true,"jetpack-related-posts":[],"_links":{"self":[{"href":"https:\/\/www.mallobee.com\/wp\/index.php?rest_route=\/wp\/v2\/pages\/592","targetHints":{"allow":["GET"]}}],"collection":[{"href":"https:\/\/www.mallobee.com\/wp\/index.php?rest_route=\/wp\/v2\/pages"}],"about":[{"href":"https:\/\/www.mallobee.com\/wp\/index.php?rest_route=\/wp\/v2\/types\/page"}],"author":[{"embeddable":true,"href":"https:\/\/www.mallobee.com\/wp\/index.php?rest_route=\/wp\/v2\/users\/1"}],"replies":[{"embeddable":true,"href":"https:\/\/www.mallobee.com\/wp\/index.php?rest_route=%2Fwp%2Fv2%2Fcomments&post=592"}],"version-history":[{"count":7,"href":"https:\/\/www.mallobee.com\/wp\/index.php?rest_route=\/wp\/v2\/pages\/592\/revisions"}],"predecessor-version":[{"id":7017,"href":"https:\/\/www.mallobee.com\/wp\/index.php?rest_route=\/wp\/v2\/pages\/592\/revisions\/7017"}],"up":[{"embeddable":true,"href":"https:\/\/www.mallobee.com\/wp\/index.php?rest_route=\/wp\/v2\/pages\/19"}],"wp:attachment":[{"href":"https:\/\/www.mallobee.com\/wp\/index.php?rest_route=%2Fwp%2Fv2%2Fmedia&parent=592"}],"curies":[{"name":"wp","href":"https:\/\/api.w.org\/{rel}","templated":true}]}}