{"id":584,"date":"2014-04-23T16:34:14","date_gmt":"2014-04-23T14:34:14","guid":{"rendered":"http:\/\/www.mallobee.com\/wp\/?page_id=584"},"modified":"2025-03-30T13:57:11","modified_gmt":"2025-03-30T11:57:11","slug":"afrika","status":"publish","type":"page","link":"https:\/\/www.mallobee.com\/wp\/?page_id=584","title":{"rendered":"Afrika"},"content":{"rendered":"<p>Afrika ist Faszination und Lebensgef\u00fchl. Ein Sprichwort sagt: &#8222;Wenn du einmal den Duft von Afrika erwscht hast, kommst du nie mehr davon los.&#8220; Das kann ich nur best\u00e4tigen und berichte von:<\/p>\n<ul>\n<li><a href=\"https:\/\/www.mallobee.com\/wp\/?page_id=1221\">\u00c4gypten<\/a><\/li>\n<li><a href=\"https:\/\/www.mallobee.com\/wp\/?p=5503\">Marokko<\/a><\/li>\n<li><a href=\"https:\/\/www.mallobee.com\/wp\/?page_id=1219\">S\u00fcdafrika<\/a><\/li>\n<li><a href=\"https:\/\/www.mallobee.com\/wp\/?page_id=1223\">Sudan<\/a><\/li>\n<li><a href=\"https:\/\/www.mallobee.com\/wp\/?p=5503\">Tunesien<\/a><\/li>\n<li><a href=\"https:\/\/www.mallobee.com\/wp\/?p=5503\">Westsahara<\/a><\/li>\n<\/ul>\n","protected":false},"excerpt":{"rendered":"<p>Afrika ist Faszination und Lebensgef\u00fchl. Ein Sprichwort sagt: &#8222;Wenn du einmal den Duft von Afrika erwscht hast, kommst du nie mehr davon los.&#8220; Das kann ich nur best\u00e4tigen und berichte von: \u00c4gypten Marokko S\u00fcdafrika Sudan Tunesien Westsahara<\/p>\n","protected":false},"author":1,"featured_media":0,"parent":19,"menu_order":0,"comment_status":"closed","ping_status":"open","template":"","meta":{"footnotes":""},"class_list":["post-584","page","type-page","status-publish","hentry"],"yoast_head":"<!-- This site is optimized with the Yoast SEO plugin v27.5 - https:\/\/yoast.com\/product\/yoast-seo-wordpress\/ -->\n<title>Afrika - mallobee.com<\/title>\n<meta name=\"robots\" content=\"index, follow, max-snippet:-1, max-image-preview:large, max-video-preview:-1\" \/>\n<link rel=\"canonical\" href=\"https:\/\/www.mallobee.com\/wp\/?page_id=584\" \/>\n<meta property=\"og:locale\" content=\"de_DE\" \/>\n<meta property=\"og:type\" content=\"article\" \/>\n<meta property=\"og:title\" content=\"Afrika - mallobee.com\" \/>\n<meta property=\"og:description\" content=\"Afrika ist Faszination und Lebensgef\u00fchl. Ein Sprichwort sagt: &#8222;Wenn du einmal den Duft von Afrika erwscht hast, kommst du nie mehr davon los.&#8220; Das kann ich nur best\u00e4tigen und berichte von: \u00c4gypten Marokko S\u00fcdafrika Sudan Tunesien Westsahara\" \/>\n<meta property=\"og:url\" content=\"https:\/\/www.mallobee.com\/wp\/?page_id=584\" \/>\n<meta property=\"og:site_name\" content=\"mallobee.com\" \/>\n<meta property=\"article:modified_time\" content=\"2025-03-30T11:57:11+00:00\" \/>\n<meta name=\"twitter:card\" content=\"summary_large_image\" \/>\n<script type=\"application\/ld+json\" class=\"yoast-schema-graph\">{\"@context\":\"https:\\\/\\\/schema.org\",\"@graph\":[{\"@type\":\"WebPage\",\"@id\":\"https:\\\/\\\/www.mallobee.com\\\/wp\\\/?page_id=584\",\"url\":\"https:\\\/\\\/www.mallobee.com\\\/wp\\\/?page_id=584\",\"name\":\"Afrika - mallobee.com\",\"isPartOf\":{\"@id\":\"https:\\\/\\\/www.mallobee.com\\\/wp\\\/#website\"},\"datePublished\":\"2014-04-23T14:34:14+00:00\",\"dateModified\":\"2025-03-30T11:57:11+00:00\",\"breadcrumb\":{\"@id\":\"https:\\\/\\\/www.mallobee.com\\\/wp\\\/?page_id=584#breadcrumb\"},\"inLanguage\":\"de\",\"potentialAction\":[{\"@type\":\"ReadAction\",\"target\":[\"https:\\\/\\\/www.mallobee.com\\\/wp\\\/?page_id=584\"]}]},{\"@type\":\"BreadcrumbList\",\"@id\":\"https:\\\/\\\/www.mallobee.com\\\/wp\\\/?page_id=584#breadcrumb\",\"itemListElement\":[{\"@type\":\"ListItem\",\"position\":1,\"name\":\"Start\",\"item\":\"https:\\\/\\\/www.mallobee.com\\\/wp\"},{\"@type\":\"ListItem\",\"position\":2,\"name\":\"Reisen\",\"item\":\"https:\\\/\\\/www.mallobee.com\\\/wp\\\/?page_id=19\"},{\"@type\":\"ListItem\",\"position\":3,\"name\":\"Afrika\"}]},{\"@type\":\"WebSite\",\"@id\":\"https:\\\/\\\/www.mallobee.com\\\/wp\\\/#website\",\"url\":\"https:\\\/\\\/www.mallobee.com\\\/wp\\\/\",\"name\":\"mallobee.com\",\"description\":\"Live life and have fun\",\"potentialAction\":[{\"@type\":\"SearchAction\",\"target\":{\"@type\":\"EntryPoint\",\"urlTemplate\":\"https:\\\/\\\/www.mallobee.com\\\/wp\\\/?s={search_term_string}\"},\"query-input\":{\"@type\":\"PropertyValueSpecification\",\"valueRequired\":true,\"valueName\":\"search_term_string\"}}],\"inLanguage\":\"de\"}]}<\/script>\n<!-- \/ Yoast SEO plugin. -->","yoast_head_json":{"title":"Afrika - mallobee.com","robots":{"index":"index","follow":"follow","max-snippet":"max-snippet:-1","max-image-preview":"max-image-preview:large","max-video-preview":"max-video-preview:-1"},"canonical":"https:\/\/www.mallobee.com\/wp\/?page_id=584","og_locale":"de_DE","og_type":"article","og_title":"Afrika - mallobee.com","og_description":"Afrika ist Faszination und Lebensgef\u00fchl. Ein Sprichwort sagt: &#8222;Wenn du einmal den Duft von Afrika erwscht hast, kommst du nie mehr davon los.&#8220; Das kann ich nur best\u00e4tigen und berichte von: \u00c4gypten Marokko S\u00fcdafrika Sudan Tunesien Westsahara","og_url":"https:\/\/www.mallobee.com\/wp\/?page_id=584","og_site_name":"mallobee.com","article_modified_time":"2025-03-30T11:57:11+00:00","twitter_card":"summary_large_image","schema":{"@context":"https:\/\/schema.org","@graph":[{"@type":"WebPage","@id":"https:\/\/www.mallobee.com\/wp\/?page_id=584","url":"https:\/\/www.mallobee.com\/wp\/?page_id=584","name":"Afrika - mallobee.com","isPartOf":{"@id":"https:\/\/www.mallobee.com\/wp\/#website"},"datePublished":"2014-04-23T14:34:14+00:00","dateModified":"2025-03-30T11:57:11+00:00","breadcrumb":{"@id":"https:\/\/www.mallobee.com\/wp\/?page_id=584#breadcrumb"},"inLanguage":"de","potentialAction":[{"@type":"ReadAction","target":["https:\/\/www.mallobee.com\/wp\/?page_id=584"]}]},{"@type":"BreadcrumbList","@id":"https:\/\/www.mallobee.com\/wp\/?page_id=584#breadcrumb","itemListElement":[{"@type":"ListItem","position":1,"name":"Start","item":"https:\/\/www.mallobee.com\/wp"},{"@type":"ListItem","position":2,"name":"Reisen","item":"https:\/\/www.mallobee.com\/wp\/?page_id=19"},{"@type":"ListItem","position":3,"name":"Afrika"}]},{"@type":"WebSite","@id":"https:\/\/www.mallobee.com\/wp\/#website","url":"https:\/\/www.mallobee.com\/wp\/","name":"mallobee.com","description":"Live life and have fun","potentialAction":[{"@type":"SearchAction","target":{"@type":"EntryPoint","urlTemplate":"https:\/\/www.mallobee.com\/wp\/?s={search_term_string}"},"query-input":{"@type":"PropertyValueSpecification","valueRequired":true,"valueName":"search_term_string"}}],"inLanguage":"de"}]}},"jetpack_sharing_enabled":true,"jetpack_shortlink":"https:\/\/wp.me\/P4zjIh-9q","jetpack_likes_enabled":true,"jetpack-related-posts":[],"_links":{"self":[{"href":"https:\/\/www.mallobee.com\/wp\/index.php?rest_route=\/wp\/v2\/pages\/584","targetHints":{"allow":["GET"]}}],"collection":[{"href":"https:\/\/www.mallobee.com\/wp\/index.php?rest_route=\/wp\/v2\/pages"}],"about":[{"href":"https:\/\/www.mallobee.com\/wp\/index.php?rest_route=\/wp\/v2\/types\/page"}],"author":[{"embeddable":true,"href":"https:\/\/www.mallobee.com\/wp\/index.php?rest_route=\/wp\/v2\/users\/1"}],"replies":[{"embeddable":true,"href":"https:\/\/www.mallobee.com\/wp\/index.php?rest_route=%2Fwp%2Fv2%2Fcomments&post=584"}],"version-history":[{"count":3,"href":"https:\/\/www.mallobee.com\/wp\/index.php?rest_route=\/wp\/v2\/pages\/584\/revisions"}],"predecessor-version":[{"id":7013,"href":"https:\/\/www.mallobee.com\/wp\/index.php?rest_route=\/wp\/v2\/pages\/584\/revisions\/7013"}],"up":[{"embeddable":true,"href":"https:\/\/www.mallobee.com\/wp\/index.php?rest_route=\/wp\/v2\/pages\/19"}],"wp:attachment":[{"href":"https:\/\/www.mallobee.com\/wp\/index.php?rest_route=%2Fwp%2Fv2%2Fmedia&parent=584"}],"curies":[{"name":"wp","href":"https:\/\/api.w.org\/{rel}","templated":true}]}}