{"id":5162,"date":"2023-07-30T13:58:30","date_gmt":"2023-07-30T11:58:30","guid":{"rendered":"https:\/\/www.mallobee.com\/wp\/?page_id=5162"},"modified":"2025-02-11T22:41:24","modified_gmt":"2025-02-11T20:41:24","slug":"suedostasien-2023","status":"publish","type":"page","link":"https:\/\/www.mallobee.com\/wp\/?page_id=5162","title":{"rendered":"S\u00fcdostasien 2023"},"content":{"rendered":"<ul>\n<li><a href=\"https:\/\/www.mallobee.com\/wp\/?p=5212\">Anreise mit Emirates \u00fcber Dubai<\/a><\/li>\n<li><a href=\"https:\/\/www.mallobee.com\/wp\/?p=5229\">5 Tage Singapur<\/a><\/li>\n<li><a href=\"https:\/\/www.mallobee.com\/wp\/?p=5413\">Zweiter Stopp Kuala Lumpur<\/a><\/li>\n<li><a href=\"https:\/\/www.mallobee.com\/wp\/?p=5876\">Siem Reap und Angkor<\/a><\/li>\n<li><a href=\"https:\/\/www.mallobee.com\/wp\/?p=6107\">Ans Meer nach Hua Hin<\/a><\/li>\n<li><a href=\"https:\/\/www.mallobee.com\/wp\/?p=6536\">Thailands Hauptstadt<\/a><\/li>\n<li><a href=\"https:\/\/www.mallobee.com\/wp\/?p=5218\">R\u00fcckreise mit Zwischenstopp in Dubai<\/a><\/li>\n<\/ul>\n\n\n<p><\/p>\n","protected":false},"excerpt":{"rendered":"<p>Anreise mit Emirates \u00fcber Dubai 5 Tage Singapur Zweiter Stopp Kuala Lumpur Siem Reap und Angkor Ans Meer nach Hua Hin Thailands Hauptstadt R\u00fcckreise mit Zwischenstopp in Dubai<\/p>\n","protected":false},"author":1,"featured_media":0,"parent":1923,"menu_order":2,"comment_status":"closed","ping_status":"closed","template":"","meta":{"footnotes":""},"class_list":["post-5162","page","type-page","status-publish","hentry"],"yoast_head":"<!-- This site is optimized with the Yoast SEO plugin v27.5 - https:\/\/yoast.com\/product\/yoast-seo-wordpress\/ -->\n<title>S\u00fcdostasien 2023 - mallobee.com<\/title>\n<meta name=\"robots\" content=\"index, follow, max-snippet:-1, max-image-preview:large, max-video-preview:-1\" \/>\n<link rel=\"canonical\" href=\"https:\/\/www.mallobee.com\/wp\/?page_id=5162\" \/>\n<meta property=\"og:locale\" content=\"de_DE\" \/>\n<meta property=\"og:type\" content=\"article\" \/>\n<meta property=\"og:title\" content=\"S\u00fcdostasien 2023 - mallobee.com\" \/>\n<meta property=\"og:description\" content=\"Anreise mit Emirates \u00fcber Dubai 5 Tage Singapur Zweiter Stopp Kuala Lumpur Siem Reap und Angkor Ans Meer nach Hua Hin Thailands Hauptstadt R\u00fcckreise mit Zwischenstopp in Dubai\" \/>\n<meta property=\"og:url\" content=\"https:\/\/www.mallobee.com\/wp\/?page_id=5162\" \/>\n<meta property=\"og:site_name\" content=\"mallobee.com\" \/>\n<meta property=\"article:modified_time\" content=\"2025-02-11T20:41:24+00:00\" \/>\n<meta name=\"twitter:card\" content=\"summary_large_image\" \/>\n<script type=\"application\/ld+json\" class=\"yoast-schema-graph\">{\"@context\":\"https:\\\/\\\/schema.org\",\"@graph\":[{\"@type\":\"WebPage\",\"@id\":\"https:\\\/\\\/www.mallobee.com\\\/wp\\\/?page_id=5162\",\"url\":\"https:\\\/\\\/www.mallobee.com\\\/wp\\\/?page_id=5162\",\"name\":\"S\u00fcdostasien 2023 - mallobee.com\",\"isPartOf\":{\"@id\":\"https:\\\/\\\/www.mallobee.com\\\/wp\\\/#website\"},\"datePublished\":\"2023-07-30T11:58:30+00:00\",\"dateModified\":\"2025-02-11T20:41:24+00:00\",\"breadcrumb\":{\"@id\":\"https:\\\/\\\/www.mallobee.com\\\/wp\\\/?page_id=5162#breadcrumb\"},\"inLanguage\":\"de\",\"potentialAction\":[{\"@type\":\"ReadAction\",\"target\":[\"https:\\\/\\\/www.mallobee.com\\\/wp\\\/?page_id=5162\"]}]},{\"@type\":\"BreadcrumbList\",\"@id\":\"https:\\\/\\\/www.mallobee.com\\\/wp\\\/?page_id=5162#breadcrumb\",\"itemListElement\":[{\"@type\":\"ListItem\",\"position\":1,\"name\":\"Start\",\"item\":\"https:\\\/\\\/www.mallobee.com\\\/wp\"},{\"@type\":\"ListItem\",\"position\":2,\"name\":\"Reisen\",\"item\":\"https:\\\/\\\/www.mallobee.com\\\/wp\\\/?page_id=19\"},{\"@type\":\"ListItem\",\"position\":3,\"name\":\"Rundreisen\",\"item\":\"https:\\\/\\\/www.mallobee.com\\\/wp\\\/?page_id=1923\"},{\"@type\":\"ListItem\",\"position\":4,\"name\":\"S\u00fcdostasien 2023\"}]},{\"@type\":\"WebSite\",\"@id\":\"https:\\\/\\\/www.mallobee.com\\\/wp\\\/#website\",\"url\":\"https:\\\/\\\/www.mallobee.com\\\/wp\\\/\",\"name\":\"mallobee.com\",\"description\":\"Live life and have fun\",\"potentialAction\":[{\"@type\":\"SearchAction\",\"target\":{\"@type\":\"EntryPoint\",\"urlTemplate\":\"https:\\\/\\\/www.mallobee.com\\\/wp\\\/?s={search_term_string}\"},\"query-input\":{\"@type\":\"PropertyValueSpecification\",\"valueRequired\":true,\"valueName\":\"search_term_string\"}}],\"inLanguage\":\"de\"}]}<\/script>\n<!-- \/ Yoast SEO plugin. -->","yoast_head_json":{"title":"S\u00fcdostasien 2023 - mallobee.com","robots":{"index":"index","follow":"follow","max-snippet":"max-snippet:-1","max-image-preview":"max-image-preview:large","max-video-preview":"max-video-preview:-1"},"canonical":"https:\/\/www.mallobee.com\/wp\/?page_id=5162","og_locale":"de_DE","og_type":"article","og_title":"S\u00fcdostasien 2023 - mallobee.com","og_description":"Anreise mit Emirates \u00fcber Dubai 5 Tage Singapur Zweiter Stopp Kuala Lumpur Siem Reap und Angkor Ans Meer nach Hua Hin Thailands Hauptstadt R\u00fcckreise mit Zwischenstopp in Dubai","og_url":"https:\/\/www.mallobee.com\/wp\/?page_id=5162","og_site_name":"mallobee.com","article_modified_time":"2025-02-11T20:41:24+00:00","twitter_card":"summary_large_image","schema":{"@context":"https:\/\/schema.org","@graph":[{"@type":"WebPage","@id":"https:\/\/www.mallobee.com\/wp\/?page_id=5162","url":"https:\/\/www.mallobee.com\/wp\/?page_id=5162","name":"S\u00fcdostasien 2023 - mallobee.com","isPartOf":{"@id":"https:\/\/www.mallobee.com\/wp\/#website"},"datePublished":"2023-07-30T11:58:30+00:00","dateModified":"2025-02-11T20:41:24+00:00","breadcrumb":{"@id":"https:\/\/www.mallobee.com\/wp\/?page_id=5162#breadcrumb"},"inLanguage":"de","potentialAction":[{"@type":"ReadAction","target":["https:\/\/www.mallobee.com\/wp\/?page_id=5162"]}]},{"@type":"BreadcrumbList","@id":"https:\/\/www.mallobee.com\/wp\/?page_id=5162#breadcrumb","itemListElement":[{"@type":"ListItem","position":1,"name":"Start","item":"https:\/\/www.mallobee.com\/wp"},{"@type":"ListItem","position":2,"name":"Reisen","item":"https:\/\/www.mallobee.com\/wp\/?page_id=19"},{"@type":"ListItem","position":3,"name":"Rundreisen","item":"https:\/\/www.mallobee.com\/wp\/?page_id=1923"},{"@type":"ListItem","position":4,"name":"S\u00fcdostasien 2023"}]},{"@type":"WebSite","@id":"https:\/\/www.mallobee.com\/wp\/#website","url":"https:\/\/www.mallobee.com\/wp\/","name":"mallobee.com","description":"Live life and have fun","potentialAction":[{"@type":"SearchAction","target":{"@type":"EntryPoint","urlTemplate":"https:\/\/www.mallobee.com\/wp\/?s={search_term_string}"},"query-input":{"@type":"PropertyValueSpecification","valueRequired":true,"valueName":"search_term_string"}}],"inLanguage":"de"}]}},"jetpack_sharing_enabled":true,"jetpack_shortlink":"https:\/\/wp.me\/P4zjIh-1lg","jetpack_likes_enabled":true,"jetpack-related-posts":[],"_links":{"self":[{"href":"https:\/\/www.mallobee.com\/wp\/index.php?rest_route=\/wp\/v2\/pages\/5162","targetHints":{"allow":["GET"]}}],"collection":[{"href":"https:\/\/www.mallobee.com\/wp\/index.php?rest_route=\/wp\/v2\/pages"}],"about":[{"href":"https:\/\/www.mallobee.com\/wp\/index.php?rest_route=\/wp\/v2\/types\/page"}],"author":[{"embeddable":true,"href":"https:\/\/www.mallobee.com\/wp\/index.php?rest_route=\/wp\/v2\/users\/1"}],"replies":[{"embeddable":true,"href":"https:\/\/www.mallobee.com\/wp\/index.php?rest_route=%2Fwp%2Fv2%2Fcomments&post=5162"}],"version-history":[{"count":6,"href":"https:\/\/www.mallobee.com\/wp\/index.php?rest_route=\/wp\/v2\/pages\/5162\/revisions"}],"predecessor-version":[{"id":6711,"href":"https:\/\/www.mallobee.com\/wp\/index.php?rest_route=\/wp\/v2\/pages\/5162\/revisions\/6711"}],"up":[{"embeddable":true,"href":"https:\/\/www.mallobee.com\/wp\/index.php?rest_route=\/wp\/v2\/pages\/1923"}],"wp:attachment":[{"href":"https:\/\/www.mallobee.com\/wp\/index.php?rest_route=%2Fwp%2Fv2%2Fmedia&parent=5162"}],"curies":[{"name":"wp","href":"https:\/\/api.w.org\/{rel}","templated":true}]}}