{"id":1927,"date":"2015-07-18T11:21:46","date_gmt":"2015-07-18T09:21:46","guid":{"rendered":"http:\/\/www.mallobee.com\/wp\/?page_id=1927"},"modified":"2023-07-30T15:41:53","modified_gmt":"2023-07-30T13:41:53","slug":"suedamerika-2015","status":"publish","type":"page","link":"https:\/\/www.mallobee.com\/wp\/?page_id=1927","title":{"rendered":"S\u00fcdamerika 2015"},"content":{"rendered":"<ul>\n<li><a href=\"https:\/\/www.mallobee.com\/wp\/?p=1929\">Die Hinreise mit\u00a0Zwischenstopp in Rom<\/a><\/li>\n<li><a href=\"https:\/\/www.mallobee.com\/wp\/?p=1948\">Rio, Sao Paulo und Intervales in Brasilien<\/a><\/li>\n<li><a href=\"https:\/\/www.mallobee.com\/wp\/?p=2050\">In und um La Paz in Bolivien<\/a><\/li>\n<li><a href=\"https:\/\/www.mallobee.com\/wp\/?p=2052\">St\u00e4dtetrip Buenos Aires<\/a><\/li>\n<li><a href=\"https:\/\/www.mallobee.com\/wp\/?p=2054\">Das Dreil\u00e4ndereck Iguazu<\/a><\/li>\n<li><a href=\"https:\/\/www.mallobee.com\/wp\/?p=2056\">Noch einmal Rio<\/a><\/li>\n<li><a href=\"https:\/\/www.mallobee.com\/wp\/?p=2450\">Die R\u00fcckreise Rio-Rom-Ruhr<\/a><\/li>\n<\/ul>\n","protected":false},"excerpt":{"rendered":"<p>Die Hinreise mit\u00a0Zwischenstopp in Rom Rio, Sao Paulo und Intervales in Brasilien In und um La Paz in Bolivien St\u00e4dtetrip Buenos Aires Das Dreil\u00e4ndereck Iguazu Noch einmal Rio Die R\u00fcckreise Rio-Rom-Ruhr<\/p>\n","protected":false},"author":1,"featured_media":0,"parent":1923,"menu_order":0,"comment_status":"closed","ping_status":"open","template":"","meta":{"footnotes":""},"class_list":["post-1927","page","type-page","status-publish","hentry"],"yoast_head":"<!-- This site is optimized with the Yoast SEO plugin v27.6 - https:\/\/yoast.com\/product\/yoast-seo-wordpress\/ -->\n<title>S\u00fcdamerika 2015 - mallobee.com<\/title>\n<meta name=\"robots\" content=\"index, follow, max-snippet:-1, max-image-preview:large, max-video-preview:-1\" \/>\n<link rel=\"canonical\" href=\"https:\/\/www.mallobee.com\/wp\/?page_id=1927\" \/>\n<meta property=\"og:locale\" content=\"de_DE\" \/>\n<meta property=\"og:type\" content=\"article\" \/>\n<meta property=\"og:title\" content=\"S\u00fcdamerika 2015 - mallobee.com\" \/>\n<meta property=\"og:description\" content=\"Die Hinreise mit\u00a0Zwischenstopp in Rom Rio, Sao Paulo und Intervales in Brasilien In und um La Paz in Bolivien St\u00e4dtetrip Buenos Aires Das Dreil\u00e4ndereck Iguazu Noch einmal Rio Die R\u00fcckreise Rio-Rom-Ruhr\" \/>\n<meta property=\"og:url\" content=\"https:\/\/www.mallobee.com\/wp\/?page_id=1927\" \/>\n<meta property=\"og:site_name\" content=\"mallobee.com\" \/>\n<meta property=\"article:modified_time\" content=\"2023-07-30T13:41:53+00:00\" \/>\n<meta name=\"twitter:card\" content=\"summary_large_image\" \/>\n<script type=\"application\/ld+json\" class=\"yoast-schema-graph\">{\"@context\":\"https:\\\/\\\/schema.org\",\"@graph\":[{\"@type\":\"WebPage\",\"@id\":\"https:\\\/\\\/www.mallobee.com\\\/wp\\\/?page_id=1927\",\"url\":\"https:\\\/\\\/www.mallobee.com\\\/wp\\\/?page_id=1927\",\"name\":\"S\u00fcdamerika 2015 - mallobee.com\",\"isPartOf\":{\"@id\":\"https:\\\/\\\/www.mallobee.com\\\/wp\\\/#website\"},\"datePublished\":\"2015-07-18T09:21:46+00:00\",\"dateModified\":\"2023-07-30T13:41:53+00:00\",\"breadcrumb\":{\"@id\":\"https:\\\/\\\/www.mallobee.com\\\/wp\\\/?page_id=1927#breadcrumb\"},\"inLanguage\":\"de\",\"potentialAction\":[{\"@type\":\"ReadAction\",\"target\":[\"https:\\\/\\\/www.mallobee.com\\\/wp\\\/?page_id=1927\"]}]},{\"@type\":\"BreadcrumbList\",\"@id\":\"https:\\\/\\\/www.mallobee.com\\\/wp\\\/?page_id=1927#breadcrumb\",\"itemListElement\":[{\"@type\":\"ListItem\",\"position\":1,\"name\":\"Start\",\"item\":\"https:\\\/\\\/www.mallobee.com\\\/wp\"},{\"@type\":\"ListItem\",\"position\":2,\"name\":\"Reisen\",\"item\":\"https:\\\/\\\/www.mallobee.com\\\/wp\\\/?page_id=19\"},{\"@type\":\"ListItem\",\"position\":3,\"name\":\"Rundreisen\",\"item\":\"https:\\\/\\\/www.mallobee.com\\\/wp\\\/?page_id=1923\"},{\"@type\":\"ListItem\",\"position\":4,\"name\":\"S\u00fcdamerika 2015\"}]},{\"@type\":\"WebSite\",\"@id\":\"https:\\\/\\\/www.mallobee.com\\\/wp\\\/#website\",\"url\":\"https:\\\/\\\/www.mallobee.com\\\/wp\\\/\",\"name\":\"mallobee.com\",\"description\":\"Live life and have fun\",\"potentialAction\":[{\"@type\":\"SearchAction\",\"target\":{\"@type\":\"EntryPoint\",\"urlTemplate\":\"https:\\\/\\\/www.mallobee.com\\\/wp\\\/?s={search_term_string}\"},\"query-input\":{\"@type\":\"PropertyValueSpecification\",\"valueRequired\":true,\"valueName\":\"search_term_string\"}}],\"inLanguage\":\"de\"}]}<\/script>\n<!-- \/ Yoast SEO plugin. -->","yoast_head_json":{"title":"S\u00fcdamerika 2015 - mallobee.com","robots":{"index":"index","follow":"follow","max-snippet":"max-snippet:-1","max-image-preview":"max-image-preview:large","max-video-preview":"max-video-preview:-1"},"canonical":"https:\/\/www.mallobee.com\/wp\/?page_id=1927","og_locale":"de_DE","og_type":"article","og_title":"S\u00fcdamerika 2015 - mallobee.com","og_description":"Die Hinreise mit\u00a0Zwischenstopp in Rom Rio, Sao Paulo und Intervales in Brasilien In und um La Paz in Bolivien St\u00e4dtetrip Buenos Aires Das Dreil\u00e4ndereck Iguazu Noch einmal Rio Die R\u00fcckreise Rio-Rom-Ruhr","og_url":"https:\/\/www.mallobee.com\/wp\/?page_id=1927","og_site_name":"mallobee.com","article_modified_time":"2023-07-30T13:41:53+00:00","twitter_card":"summary_large_image","schema":{"@context":"https:\/\/schema.org","@graph":[{"@type":"WebPage","@id":"https:\/\/www.mallobee.com\/wp\/?page_id=1927","url":"https:\/\/www.mallobee.com\/wp\/?page_id=1927","name":"S\u00fcdamerika 2015 - mallobee.com","isPartOf":{"@id":"https:\/\/www.mallobee.com\/wp\/#website"},"datePublished":"2015-07-18T09:21:46+00:00","dateModified":"2023-07-30T13:41:53+00:00","breadcrumb":{"@id":"https:\/\/www.mallobee.com\/wp\/?page_id=1927#breadcrumb"},"inLanguage":"de","potentialAction":[{"@type":"ReadAction","target":["https:\/\/www.mallobee.com\/wp\/?page_id=1927"]}]},{"@type":"BreadcrumbList","@id":"https:\/\/www.mallobee.com\/wp\/?page_id=1927#breadcrumb","itemListElement":[{"@type":"ListItem","position":1,"name":"Start","item":"https:\/\/www.mallobee.com\/wp"},{"@type":"ListItem","position":2,"name":"Reisen","item":"https:\/\/www.mallobee.com\/wp\/?page_id=19"},{"@type":"ListItem","position":3,"name":"Rundreisen","item":"https:\/\/www.mallobee.com\/wp\/?page_id=1923"},{"@type":"ListItem","position":4,"name":"S\u00fcdamerika 2015"}]},{"@type":"WebSite","@id":"https:\/\/www.mallobee.com\/wp\/#website","url":"https:\/\/www.mallobee.com\/wp\/","name":"mallobee.com","description":"Live life and have fun","potentialAction":[{"@type":"SearchAction","target":{"@type":"EntryPoint","urlTemplate":"https:\/\/www.mallobee.com\/wp\/?s={search_term_string}"},"query-input":{"@type":"PropertyValueSpecification","valueRequired":true,"valueName":"search_term_string"}}],"inLanguage":"de"}]}},"jetpack_sharing_enabled":true,"jetpack_shortlink":"https:\/\/wp.me\/P4zjIh-v5","jetpack_likes_enabled":true,"jetpack-related-posts":[],"_links":{"self":[{"href":"https:\/\/www.mallobee.com\/wp\/index.php?rest_route=\/wp\/v2\/pages\/1927","targetHints":{"allow":["GET"]}}],"collection":[{"href":"https:\/\/www.mallobee.com\/wp\/index.php?rest_route=\/wp\/v2\/pages"}],"about":[{"href":"https:\/\/www.mallobee.com\/wp\/index.php?rest_route=\/wp\/v2\/types\/page"}],"author":[{"embeddable":true,"href":"https:\/\/www.mallobee.com\/wp\/index.php?rest_route=\/wp\/v2\/users\/1"}],"replies":[{"embeddable":true,"href":"https:\/\/www.mallobee.com\/wp\/index.php?rest_route=%2Fwp%2Fv2%2Fcomments&post=1927"}],"version-history":[{"count":6,"href":"https:\/\/www.mallobee.com\/wp\/index.php?rest_route=\/wp\/v2\/pages\/1927\/revisions"}],"predecessor-version":[{"id":5211,"href":"https:\/\/www.mallobee.com\/wp\/index.php?rest_route=\/wp\/v2\/pages\/1927\/revisions\/5211"}],"up":[{"embeddable":true,"href":"https:\/\/www.mallobee.com\/wp\/index.php?rest_route=\/wp\/v2\/pages\/1923"}],"wp:attachment":[{"href":"https:\/\/www.mallobee.com\/wp\/index.php?rest_route=%2Fwp%2Fv2%2Fmedia&parent=1927"}],"curies":[{"name":"wp","href":"https:\/\/api.w.org\/{rel}","templated":true}]}}