{"id":1906,"date":"2015-07-12T15:09:38","date_gmt":"2015-07-12T13:09:38","guid":{"rendered":"http:\/\/www.mallobee.com\/wp\/?page_id=1906"},"modified":"2015-10-27T21:14:20","modified_gmt":"2015-10-27T19:14:20","slug":"brasilien","status":"publish","type":"page","link":"https:\/\/www.mallobee.com\/wp\/?page_id=1906","title":{"rendered":"Brasilien"},"content":{"rendered":"<p>Das gr\u00f6\u00dfte Land S\u00fcdamerikas!<\/p>\n<ul>\n<li><a href=\"https:\/\/www.mallobee.com\/wp\/?p=1948\">Rio, Sao Paulo und Intervales 2015\u00a0<\/a><\/li>\n<li><a href=\"https:\/\/www.mallobee.com\/wp\/?p=2054\">Iguacu<\/a><\/li>\n<li><a href=\"https:\/\/www.mallobee.com\/wp\/?p=2056\">Noch einmal Ipanema und Copacabana<\/a><\/li>\n<\/ul>\n","protected":false},"excerpt":{"rendered":"<p>Das gr\u00f6\u00dfte Land S\u00fcdamerikas! Rio, Sao Paulo und Intervales 2015\u00a0 Iguacu Noch einmal Ipanema und Copacabana<\/p>\n","protected":false},"author":1,"featured_media":0,"parent":588,"menu_order":0,"comment_status":"closed","ping_status":"open","template":"","meta":{"jetpack_post_was_ever_published":false,"footnotes":""},"class_list":["post-1906","page","type-page","status-publish","hentry"],"yoast_head":"<!-- This site is optimized with the Yoast SEO plugin v27.4 - https:\/\/yoast.com\/product\/yoast-seo-wordpress\/ -->\n<title>Brasilien - mallobee.com<\/title>\n<meta name=\"robots\" content=\"index, follow, max-snippet:-1, max-image-preview:large, max-video-preview:-1\" \/>\n<link rel=\"canonical\" href=\"https:\/\/www.mallobee.com\/wp\/?page_id=1906\" \/>\n<meta property=\"og:locale\" content=\"de_DE\" \/>\n<meta property=\"og:type\" content=\"article\" \/>\n<meta property=\"og:title\" content=\"Brasilien - mallobee.com\" \/>\n<meta property=\"og:description\" content=\"Das gr\u00f6\u00dfte Land S\u00fcdamerikas! Rio, Sao Paulo und Intervales 2015\u00a0 Iguacu Noch einmal Ipanema und Copacabana\" \/>\n<meta property=\"og:url\" content=\"https:\/\/www.mallobee.com\/wp\/?page_id=1906\" \/>\n<meta property=\"og:site_name\" content=\"mallobee.com\" \/>\n<meta property=\"article:modified_time\" content=\"2015-10-27T19:14:20+00:00\" \/>\n<meta name=\"twitter:card\" content=\"summary_large_image\" \/>\n<script type=\"application\/ld+json\" class=\"yoast-schema-graph\">{\"@context\":\"https:\\\/\\\/schema.org\",\"@graph\":[{\"@type\":\"WebPage\",\"@id\":\"https:\\\/\\\/www.mallobee.com\\\/wp\\\/?page_id=1906\",\"url\":\"https:\\\/\\\/www.mallobee.com\\\/wp\\\/?page_id=1906\",\"name\":\"Brasilien - mallobee.com\",\"isPartOf\":{\"@id\":\"https:\\\/\\\/www.mallobee.com\\\/wp\\\/#website\"},\"datePublished\":\"2015-07-12T13:09:38+00:00\",\"dateModified\":\"2015-10-27T19:14:20+00:00\",\"breadcrumb\":{\"@id\":\"https:\\\/\\\/www.mallobee.com\\\/wp\\\/?page_id=1906#breadcrumb\"},\"inLanguage\":\"de\",\"potentialAction\":[{\"@type\":\"ReadAction\",\"target\":[\"https:\\\/\\\/www.mallobee.com\\\/wp\\\/?page_id=1906\"]}]},{\"@type\":\"BreadcrumbList\",\"@id\":\"https:\\\/\\\/www.mallobee.com\\\/wp\\\/?page_id=1906#breadcrumb\",\"itemListElement\":[{\"@type\":\"ListItem\",\"position\":1,\"name\":\"Start\",\"item\":\"https:\\\/\\\/www.mallobee.com\\\/wp\"},{\"@type\":\"ListItem\",\"position\":2,\"name\":\"Reisen\",\"item\":\"https:\\\/\\\/www.mallobee.com\\\/wp\\\/?page_id=19\"},{\"@type\":\"ListItem\",\"position\":3,\"name\":\"Amerika\",\"item\":\"https:\\\/\\\/www.mallobee.com\\\/wp\\\/?page_id=588\"},{\"@type\":\"ListItem\",\"position\":4,\"name\":\"Brasilien\"}]},{\"@type\":\"WebSite\",\"@id\":\"https:\\\/\\\/www.mallobee.com\\\/wp\\\/#website\",\"url\":\"https:\\\/\\\/www.mallobee.com\\\/wp\\\/\",\"name\":\"mallobee.com\",\"description\":\"Live life and have fun\",\"potentialAction\":[{\"@type\":\"SearchAction\",\"target\":{\"@type\":\"EntryPoint\",\"urlTemplate\":\"https:\\\/\\\/www.mallobee.com\\\/wp\\\/?s={search_term_string}\"},\"query-input\":{\"@type\":\"PropertyValueSpecification\",\"valueRequired\":true,\"valueName\":\"search_term_string\"}}],\"inLanguage\":\"de\"}]}<\/script>\n<!-- \/ Yoast SEO plugin. -->","yoast_head_json":{"title":"Brasilien - mallobee.com","robots":{"index":"index","follow":"follow","max-snippet":"max-snippet:-1","max-image-preview":"max-image-preview:large","max-video-preview":"max-video-preview:-1"},"canonical":"https:\/\/www.mallobee.com\/wp\/?page_id=1906","og_locale":"de_DE","og_type":"article","og_title":"Brasilien - mallobee.com","og_description":"Das gr\u00f6\u00dfte Land S\u00fcdamerikas! Rio, Sao Paulo und Intervales 2015\u00a0 Iguacu Noch einmal Ipanema und Copacabana","og_url":"https:\/\/www.mallobee.com\/wp\/?page_id=1906","og_site_name":"mallobee.com","article_modified_time":"2015-10-27T19:14:20+00:00","twitter_card":"summary_large_image","schema":{"@context":"https:\/\/schema.org","@graph":[{"@type":"WebPage","@id":"https:\/\/www.mallobee.com\/wp\/?page_id=1906","url":"https:\/\/www.mallobee.com\/wp\/?page_id=1906","name":"Brasilien - mallobee.com","isPartOf":{"@id":"https:\/\/www.mallobee.com\/wp\/#website"},"datePublished":"2015-07-12T13:09:38+00:00","dateModified":"2015-10-27T19:14:20+00:00","breadcrumb":{"@id":"https:\/\/www.mallobee.com\/wp\/?page_id=1906#breadcrumb"},"inLanguage":"de","potentialAction":[{"@type":"ReadAction","target":["https:\/\/www.mallobee.com\/wp\/?page_id=1906"]}]},{"@type":"BreadcrumbList","@id":"https:\/\/www.mallobee.com\/wp\/?page_id=1906#breadcrumb","itemListElement":[{"@type":"ListItem","position":1,"name":"Start","item":"https:\/\/www.mallobee.com\/wp"},{"@type":"ListItem","position":2,"name":"Reisen","item":"https:\/\/www.mallobee.com\/wp\/?page_id=19"},{"@type":"ListItem","position":3,"name":"Amerika","item":"https:\/\/www.mallobee.com\/wp\/?page_id=588"},{"@type":"ListItem","position":4,"name":"Brasilien"}]},{"@type":"WebSite","@id":"https:\/\/www.mallobee.com\/wp\/#website","url":"https:\/\/www.mallobee.com\/wp\/","name":"mallobee.com","description":"Live life and have fun","potentialAction":[{"@type":"SearchAction","target":{"@type":"EntryPoint","urlTemplate":"https:\/\/www.mallobee.com\/wp\/?s={search_term_string}"},"query-input":{"@type":"PropertyValueSpecification","valueRequired":true,"valueName":"search_term_string"}}],"inLanguage":"de"}]}},"jetpack_sharing_enabled":true,"jetpack_shortlink":"https:\/\/wp.me\/P4zjIh-uK","jetpack_likes_enabled":true,"jetpack-related-posts":[],"_links":{"self":[{"href":"https:\/\/www.mallobee.com\/wp\/index.php?rest_route=\/wp\/v2\/pages\/1906","targetHints":{"allow":["GET"]}}],"collection":[{"href":"https:\/\/www.mallobee.com\/wp\/index.php?rest_route=\/wp\/v2\/pages"}],"about":[{"href":"https:\/\/www.mallobee.com\/wp\/index.php?rest_route=\/wp\/v2\/types\/page"}],"author":[{"embeddable":true,"href":"https:\/\/www.mallobee.com\/wp\/index.php?rest_route=\/wp\/v2\/users\/1"}],"replies":[{"embeddable":true,"href":"https:\/\/www.mallobee.com\/wp\/index.php?rest_route=%2Fwp%2Fv2%2Fcomments&post=1906"}],"version-history":[{"count":3,"href":"https:\/\/www.mallobee.com\/wp\/index.php?rest_route=\/wp\/v2\/pages\/1906\/revisions"}],"predecessor-version":[{"id":2564,"href":"https:\/\/www.mallobee.com\/wp\/index.php?rest_route=\/wp\/v2\/pages\/1906\/revisions\/2564"}],"up":[{"embeddable":true,"href":"https:\/\/www.mallobee.com\/wp\/index.php?rest_route=\/wp\/v2\/pages\/588"}],"wp:attachment":[{"href":"https:\/\/www.mallobee.com\/wp\/index.php?rest_route=%2Fwp%2Fv2%2Fmedia&parent=1906"}],"curies":[{"name":"wp","href":"https:\/\/api.w.org\/{rel}","templated":true}]}}