{"id":1529,"date":"2014-06-19T17:57:00","date_gmt":"2014-06-19T15:57:00","guid":{"rendered":"http:\/\/www.mallobee.com\/wp\/?page_id=1529"},"modified":"2025-03-30T17:11:50","modified_gmt":"2025-03-30T15:11:50","slug":"flughaefen","status":"publish","type":"page","link":"https:\/\/www.mallobee.com\/wp\/?page_id=1529","title":{"rendered":"Flugh\u00e4fen"},"content":{"rendered":"<p>Durch meine Reisen bin ich schon auf vielen Flugh\u00e4fen gewesen. Einige m\u00f6chte ich euch vorstellen:<\/p>\n<ul>\n<li><a href=\"https:\/\/www.mallobee.com\/wp\/?p=2587\">Doha<\/a><\/li>\n<li><a title=\"Flughafen Dubai\" href=\"https:\/\/www.mallobee.com\/wp\/?p=1494\">Dubai<\/a><\/li>\n<li><a href=\"https:\/\/www.mallobee.com\/wp\/?p=3089\">Dubai Al Maktoum World Central<\/a><\/li>\n<\/ul>\n<p>Noch ohne Bericht:<\/p>\n<ul>\n<li>D\u00fcsseldorf<\/li>\n<li>Abu Dhabi<\/li>\n<li>Kuwait<\/li>\n<li>Istanbul<\/li>\n<li>Izmir<\/li>\n<li>Frankfurt<\/li>\n<li>Dortmund<\/li>\n<li>La Paz<\/li>\n<li>Santa Cruz Viru Viru<\/li>\n<li>Buenos Aires EZE<\/li>\n<li>Buenos Aires Aeroparque<\/li>\n<li>Sao Paulo Congonhas<\/li>\n<li>Sao Paulo Garulhas<\/li>\n<li>Dammam<\/li>\n<li>Muscat<\/li>\n<li>Birmingham<\/li>\n<li>London Stansted<\/li>\n<li>Leeds<\/li>\n<li>Athen<\/li>\n<li>M\u00fcnchen<\/li>\n<li>Far\u00f6er<\/li>\n<li>Tunis<\/li>\n<li>Casablanca<\/li>\n<li>Siem Reap (alt)<\/li>\n<li>Bangkok<\/li>\n<li>Singapur<\/li>\n<li>Rijeka<\/li>\n<li>Zagreb<\/li>\n<li>Budapest<\/li>\n<li>Bukarest<\/li>\n<li>Iasi<\/li>\n<li>Sibiu<\/li>\n<li>Genf<\/li>\n<li>Z\u00fcrich<\/li>\n<li>Pisa<\/li>\n<li>Heraklion<\/li>\n<li>Rhodos<\/li>\n<li>Larnaka<\/li>\n<\/ul>\n","protected":false},"excerpt":{"rendered":"<p>Durch meine Reisen bin ich schon auf vielen Flugh\u00e4fen gewesen. Einige m\u00f6chte ich euch vorstellen: Doha Dubai Dubai Al Maktoum World Central Noch ohne Bericht: D\u00fcsseldorf Abu Dhabi Kuwait Istanbul Izmir Frankfurt Dortmund La Paz Santa Cruz Viru Viru Buenos Aires EZE Buenos Aires Aeroparque Sao Paulo Congonhas Sao Paulo Garulhas Dammam Muscat Birmingham London &hellip; <a href=\"https:\/\/www.mallobee.com\/wp\/?page_id=1529\" class=\"more-link\"><span class=\"screen-reader-text\">Flugh\u00e4fen<\/span> weiterlesen <span class=\"meta-nav\">&rarr;<\/span><\/a><\/p>\n","protected":false},"author":1,"featured_media":1520,"parent":19,"menu_order":0,"comment_status":"closed","ping_status":"open","template":"","meta":{"footnotes":""},"class_list":["post-1529","page","type-page","status-publish","has-post-thumbnail","hentry"],"yoast_head":"<!-- This site is optimized with the Yoast SEO plugin v27.6 - https:\/\/yoast.com\/product\/yoast-seo-wordpress\/ -->\n<title>Flugh\u00e4fen - mallobee.com<\/title>\n<meta name=\"robots\" content=\"index, follow, max-snippet:-1, max-image-preview:large, max-video-preview:-1\" \/>\n<link rel=\"canonical\" href=\"https:\/\/www.mallobee.com\/wp\/?page_id=1529\" \/>\n<meta property=\"og:locale\" content=\"de_DE\" \/>\n<meta property=\"og:type\" content=\"article\" \/>\n<meta property=\"og:title\" content=\"Flugh\u00e4fen - mallobee.com\" \/>\n<meta property=\"og:description\" content=\"Durch meine Reisen bin ich schon auf vielen Flugh\u00e4fen gewesen. Einige m\u00f6chte ich euch vorstellen: Doha Dubai Dubai Al Maktoum World Central Noch ohne Bericht: D\u00fcsseldorf Abu Dhabi Kuwait Istanbul Izmir Frankfurt Dortmund La Paz Santa Cruz Viru Viru Buenos Aires EZE Buenos Aires Aeroparque Sao Paulo Congonhas Sao Paulo Garulhas Dammam Muscat Birmingham London &hellip; Flugh\u00e4fen weiterlesen &rarr;\" \/>\n<meta property=\"og:url\" content=\"https:\/\/www.mallobee.com\/wp\/?page_id=1529\" \/>\n<meta property=\"og:site_name\" content=\"mallobee.com\" \/>\n<meta property=\"article:modified_time\" content=\"2025-03-30T15:11:50+00:00\" \/>\n<meta property=\"og:image\" content=\"https:\/\/i0.wp.com\/www.mallobee.com\/wp\/wp-content\/uploads\/2014\/06\/DSC09477.jpg?fit=691%2C518&ssl=1\" \/>\n\t<meta property=\"og:image:width\" content=\"691\" \/>\n\t<meta property=\"og:image:height\" content=\"518\" \/>\n\t<meta property=\"og:image:type\" content=\"image\/jpeg\" \/>\n<meta name=\"twitter:card\" content=\"summary_large_image\" \/>\n<script type=\"application\/ld+json\" class=\"yoast-schema-graph\">{\"@context\":\"https:\\\/\\\/schema.org\",\"@graph\":[{\"@type\":\"WebPage\",\"@id\":\"https:\\\/\\\/www.mallobee.com\\\/wp\\\/?page_id=1529\",\"url\":\"https:\\\/\\\/www.mallobee.com\\\/wp\\\/?page_id=1529\",\"name\":\"Flugh\u00e4fen - mallobee.com\",\"isPartOf\":{\"@id\":\"https:\\\/\\\/www.mallobee.com\\\/wp\\\/#website\"},\"primaryImageOfPage\":{\"@id\":\"https:\\\/\\\/www.mallobee.com\\\/wp\\\/?page_id=1529#primaryimage\"},\"image\":{\"@id\":\"https:\\\/\\\/www.mallobee.com\\\/wp\\\/?page_id=1529#primaryimage\"},\"thumbnailUrl\":\"https:\\\/\\\/i0.wp.com\\\/www.mallobee.com\\\/wp\\\/wp-content\\\/uploads\\\/2014\\\/06\\\/DSC09477.jpg?fit=691%2C518&ssl=1\",\"datePublished\":\"2014-06-19T15:57:00+00:00\",\"dateModified\":\"2025-03-30T15:11:50+00:00\",\"breadcrumb\":{\"@id\":\"https:\\\/\\\/www.mallobee.com\\\/wp\\\/?page_id=1529#breadcrumb\"},\"inLanguage\":\"de\",\"potentialAction\":[{\"@type\":\"ReadAction\",\"target\":[\"https:\\\/\\\/www.mallobee.com\\\/wp\\\/?page_id=1529\"]}]},{\"@type\":\"ImageObject\",\"inLanguage\":\"de\",\"@id\":\"https:\\\/\\\/www.mallobee.com\\\/wp\\\/?page_id=1529#primaryimage\",\"url\":\"https:\\\/\\\/i0.wp.com\\\/www.mallobee.com\\\/wp\\\/wp-content\\\/uploads\\\/2014\\\/06\\\/DSC09477.jpg?fit=691%2C518&ssl=1\",\"contentUrl\":\"https:\\\/\\\/i0.wp.com\\\/www.mallobee.com\\\/wp\\\/wp-content\\\/uploads\\\/2014\\\/06\\\/DSC09477.jpg?fit=691%2C518&ssl=1\",\"width\":691,\"height\":518},{\"@type\":\"BreadcrumbList\",\"@id\":\"https:\\\/\\\/www.mallobee.com\\\/wp\\\/?page_id=1529#breadcrumb\",\"itemListElement\":[{\"@type\":\"ListItem\",\"position\":1,\"name\":\"Start\",\"item\":\"https:\\\/\\\/www.mallobee.com\\\/wp\"},{\"@type\":\"ListItem\",\"position\":2,\"name\":\"Reisen\",\"item\":\"https:\\\/\\\/www.mallobee.com\\\/wp\\\/?page_id=19\"},{\"@type\":\"ListItem\",\"position\":3,\"name\":\"Flugh\u00e4fen\"}]},{\"@type\":\"WebSite\",\"@id\":\"https:\\\/\\\/www.mallobee.com\\\/wp\\\/#website\",\"url\":\"https:\\\/\\\/www.mallobee.com\\\/wp\\\/\",\"name\":\"mallobee.com\",\"description\":\"Live life and have fun\",\"potentialAction\":[{\"@type\":\"SearchAction\",\"target\":{\"@type\":\"EntryPoint\",\"urlTemplate\":\"https:\\\/\\\/www.mallobee.com\\\/wp\\\/?s={search_term_string}\"},\"query-input\":{\"@type\":\"PropertyValueSpecification\",\"valueRequired\":true,\"valueName\":\"search_term_string\"}}],\"inLanguage\":\"de\"}]}<\/script>\n<!-- \/ Yoast SEO plugin. -->","yoast_head_json":{"title":"Flugh\u00e4fen - mallobee.com","robots":{"index":"index","follow":"follow","max-snippet":"max-snippet:-1","max-image-preview":"max-image-preview:large","max-video-preview":"max-video-preview:-1"},"canonical":"https:\/\/www.mallobee.com\/wp\/?page_id=1529","og_locale":"de_DE","og_type":"article","og_title":"Flugh\u00e4fen - mallobee.com","og_description":"Durch meine Reisen bin ich schon auf vielen Flugh\u00e4fen gewesen. Einige m\u00f6chte ich euch vorstellen: Doha Dubai Dubai Al Maktoum World Central Noch ohne Bericht: D\u00fcsseldorf Abu Dhabi Kuwait Istanbul Izmir Frankfurt Dortmund La Paz Santa Cruz Viru Viru Buenos Aires EZE Buenos Aires Aeroparque Sao Paulo Congonhas Sao Paulo Garulhas Dammam Muscat Birmingham London &hellip; Flugh\u00e4fen weiterlesen &rarr;","og_url":"https:\/\/www.mallobee.com\/wp\/?page_id=1529","og_site_name":"mallobee.com","article_modified_time":"2025-03-30T15:11:50+00:00","og_image":[{"width":691,"height":518,"url":"https:\/\/i0.wp.com\/www.mallobee.com\/wp\/wp-content\/uploads\/2014\/06\/DSC09477.jpg?fit=691%2C518&ssl=1","type":"image\/jpeg"}],"twitter_card":"summary_large_image","schema":{"@context":"https:\/\/schema.org","@graph":[{"@type":"WebPage","@id":"https:\/\/www.mallobee.com\/wp\/?page_id=1529","url":"https:\/\/www.mallobee.com\/wp\/?page_id=1529","name":"Flugh\u00e4fen - mallobee.com","isPartOf":{"@id":"https:\/\/www.mallobee.com\/wp\/#website"},"primaryImageOfPage":{"@id":"https:\/\/www.mallobee.com\/wp\/?page_id=1529#primaryimage"},"image":{"@id":"https:\/\/www.mallobee.com\/wp\/?page_id=1529#primaryimage"},"thumbnailUrl":"https:\/\/i0.wp.com\/www.mallobee.com\/wp\/wp-content\/uploads\/2014\/06\/DSC09477.jpg?fit=691%2C518&ssl=1","datePublished":"2014-06-19T15:57:00+00:00","dateModified":"2025-03-30T15:11:50+00:00","breadcrumb":{"@id":"https:\/\/www.mallobee.com\/wp\/?page_id=1529#breadcrumb"},"inLanguage":"de","potentialAction":[{"@type":"ReadAction","target":["https:\/\/www.mallobee.com\/wp\/?page_id=1529"]}]},{"@type":"ImageObject","inLanguage":"de","@id":"https:\/\/www.mallobee.com\/wp\/?page_id=1529#primaryimage","url":"https:\/\/i0.wp.com\/www.mallobee.com\/wp\/wp-content\/uploads\/2014\/06\/DSC09477.jpg?fit=691%2C518&ssl=1","contentUrl":"https:\/\/i0.wp.com\/www.mallobee.com\/wp\/wp-content\/uploads\/2014\/06\/DSC09477.jpg?fit=691%2C518&ssl=1","width":691,"height":518},{"@type":"BreadcrumbList","@id":"https:\/\/www.mallobee.com\/wp\/?page_id=1529#breadcrumb","itemListElement":[{"@type":"ListItem","position":1,"name":"Start","item":"https:\/\/www.mallobee.com\/wp"},{"@type":"ListItem","position":2,"name":"Reisen","item":"https:\/\/www.mallobee.com\/wp\/?page_id=19"},{"@type":"ListItem","position":3,"name":"Flugh\u00e4fen"}]},{"@type":"WebSite","@id":"https:\/\/www.mallobee.com\/wp\/#website","url":"https:\/\/www.mallobee.com\/wp\/","name":"mallobee.com","description":"Live life and have fun","potentialAction":[{"@type":"SearchAction","target":{"@type":"EntryPoint","urlTemplate":"https:\/\/www.mallobee.com\/wp\/?s={search_term_string}"},"query-input":{"@type":"PropertyValueSpecification","valueRequired":true,"valueName":"search_term_string"}}],"inLanguage":"de"}]}},"jetpack_sharing_enabled":true,"jetpack_shortlink":"https:\/\/wp.me\/P4zjIh-oF","jetpack_likes_enabled":true,"jetpack-related-posts":[],"_links":{"self":[{"href":"https:\/\/www.mallobee.com\/wp\/index.php?rest_route=\/wp\/v2\/pages\/1529","targetHints":{"allow":["GET"]}}],"collection":[{"href":"https:\/\/www.mallobee.com\/wp\/index.php?rest_route=\/wp\/v2\/pages"}],"about":[{"href":"https:\/\/www.mallobee.com\/wp\/index.php?rest_route=\/wp\/v2\/types\/page"}],"author":[{"embeddable":true,"href":"https:\/\/www.mallobee.com\/wp\/index.php?rest_route=\/wp\/v2\/users\/1"}],"replies":[{"embeddable":true,"href":"https:\/\/www.mallobee.com\/wp\/index.php?rest_route=%2Fwp%2Fv2%2Fcomments&post=1529"}],"version-history":[{"count":7,"href":"https:\/\/www.mallobee.com\/wp\/index.php?rest_route=\/wp\/v2\/pages\/1529\/revisions"}],"predecessor-version":[{"id":7023,"href":"https:\/\/www.mallobee.com\/wp\/index.php?rest_route=\/wp\/v2\/pages\/1529\/revisions\/7023"}],"up":[{"embeddable":true,"href":"https:\/\/www.mallobee.com\/wp\/index.php?rest_route=\/wp\/v2\/pages\/19"}],"wp:featuredmedia":[{"embeddable":true,"href":"https:\/\/www.mallobee.com\/wp\/index.php?rest_route=\/wp\/v2\/media\/1520"}],"wp:attachment":[{"href":"https:\/\/www.mallobee.com\/wp\/index.php?rest_route=%2Fwp%2Fv2%2Fmedia&parent=1529"}],"curies":[{"name":"wp","href":"https:\/\/api.w.org\/{rel}","templated":true}]}}