{"id":1209,"date":"2014-04-25T23:01:22","date_gmt":"2014-04-25T21:01:22","guid":{"rendered":"http:\/\/www.mallobee.com\/wp\/?page_id=1209"},"modified":"2017-04-19T14:35:36","modified_gmt":"2017-04-19T12:35:36","slug":"deutschland","status":"publish","type":"page","link":"https:\/\/www.mallobee.com\/wp\/?page_id=1209","title":{"rendered":"Deutschland"},"content":{"rendered":"<p>\u00dcber meine Heimat gibt es nat\u00fcrlich sehr viel zu erz\u00e4hlen. Daher gibt es noch einmal Unterseiten zu den Bundesl\u00e4ndern:<\/p>\n<ul>\n<li><a href=\"https:\/\/www.mallobee.com\/wp\/?page_id=1230\">Bayern<\/a><\/li>\n<li>Baden W\u00fcrttemberg<\/li>\n<li>Berlin<\/li>\n<li>Brandenburg<\/li>\n<li>Bremen<\/li>\n<li>Hamburg<\/li>\n<li>Hessen<\/li>\n<li>Mecklenburg Vorpommern<\/li>\n<li>Niedersachsen<\/li>\n<li>Nordrhein Westfalen<\/li>\n<li><a href=\"https:\/\/www.mallobee.com\/wp\/?page_id=2873\">Rheinland Pfalz<\/a><\/li>\n<li>Saarland<\/li>\n<li>Sachsen<\/li>\n<li>Sachsen Anhalt<\/li>\n<li>Schleswig Holstein<\/li>\n<li>Th\u00fcringen<\/li>\n<\/ul>\n","protected":false},"excerpt":{"rendered":"<p>\u00dcber meine Heimat gibt es nat\u00fcrlich sehr viel zu erz\u00e4hlen. Daher gibt es noch einmal Unterseiten zu den Bundesl\u00e4ndern: Bayern Baden W\u00fcrttemberg Berlin Brandenburg Bremen Hamburg Hessen Mecklenburg Vorpommern Niedersachsen Nordrhein Westfalen Rheinland Pfalz Saarland Sachsen Sachsen Anhalt Schleswig Holstein Th\u00fcringen<\/p>\n","protected":false},"author":1,"featured_media":0,"parent":592,"menu_order":0,"comment_status":"closed","ping_status":"open","template":"","meta":{"jetpack_post_was_ever_published":false,"footnotes":""},"class_list":["post-1209","page","type-page","status-publish","hentry"],"yoast_head":"<!-- This site is optimized with the Yoast SEO plugin v27.3 - https:\/\/yoast.com\/product\/yoast-seo-wordpress\/ -->\n<title>Deutschland - mallobee.com<\/title>\n<meta name=\"robots\" content=\"index, follow, max-snippet:-1, max-image-preview:large, max-video-preview:-1\" \/>\n<link rel=\"canonical\" href=\"https:\/\/www.mallobee.com\/wp\/?page_id=1209\" \/>\n<meta property=\"og:locale\" content=\"de_DE\" \/>\n<meta property=\"og:type\" content=\"article\" \/>\n<meta property=\"og:title\" content=\"Deutschland - mallobee.com\" \/>\n<meta property=\"og:description\" content=\"\u00dcber meine Heimat gibt es nat\u00fcrlich sehr viel zu erz\u00e4hlen. Daher gibt es noch einmal Unterseiten zu den Bundesl\u00e4ndern: Bayern Baden W\u00fcrttemberg Berlin Brandenburg Bremen Hamburg Hessen Mecklenburg Vorpommern Niedersachsen Nordrhein Westfalen Rheinland Pfalz Saarland Sachsen Sachsen Anhalt Schleswig Holstein Th\u00fcringen\" \/>\n<meta property=\"og:url\" content=\"https:\/\/www.mallobee.com\/wp\/?page_id=1209\" \/>\n<meta property=\"og:site_name\" content=\"mallobee.com\" \/>\n<meta property=\"article:modified_time\" content=\"2017-04-19T12:35:36+00:00\" \/>\n<meta name=\"twitter:card\" content=\"summary_large_image\" \/>\n<script type=\"application\/ld+json\" class=\"yoast-schema-graph\">{\"@context\":\"https:\\\/\\\/schema.org\",\"@graph\":[{\"@type\":\"WebPage\",\"@id\":\"https:\\\/\\\/www.mallobee.com\\\/wp\\\/?page_id=1209\",\"url\":\"https:\\\/\\\/www.mallobee.com\\\/wp\\\/?page_id=1209\",\"name\":\"Deutschland - mallobee.com\",\"isPartOf\":{\"@id\":\"https:\\\/\\\/www.mallobee.com\\\/wp\\\/#website\"},\"datePublished\":\"2014-04-25T21:01:22+00:00\",\"dateModified\":\"2017-04-19T12:35:36+00:00\",\"breadcrumb\":{\"@id\":\"https:\\\/\\\/www.mallobee.com\\\/wp\\\/?page_id=1209#breadcrumb\"},\"inLanguage\":\"de\",\"potentialAction\":[{\"@type\":\"ReadAction\",\"target\":[\"https:\\\/\\\/www.mallobee.com\\\/wp\\\/?page_id=1209\"]}]},{\"@type\":\"BreadcrumbList\",\"@id\":\"https:\\\/\\\/www.mallobee.com\\\/wp\\\/?page_id=1209#breadcrumb\",\"itemListElement\":[{\"@type\":\"ListItem\",\"position\":1,\"name\":\"Start\",\"item\":\"https:\\\/\\\/www.mallobee.com\\\/wp\"},{\"@type\":\"ListItem\",\"position\":2,\"name\":\"Reisen\",\"item\":\"https:\\\/\\\/www.mallobee.com\\\/wp\\\/?page_id=19\"},{\"@type\":\"ListItem\",\"position\":3,\"name\":\"Europa\",\"item\":\"https:\\\/\\\/www.mallobee.com\\\/wp\\\/?page_id=592\"},{\"@type\":\"ListItem\",\"position\":4,\"name\":\"Deutschland\"}]},{\"@type\":\"WebSite\",\"@id\":\"https:\\\/\\\/www.mallobee.com\\\/wp\\\/#website\",\"url\":\"https:\\\/\\\/www.mallobee.com\\\/wp\\\/\",\"name\":\"mallobee.com\",\"description\":\"Live life and have fun\",\"potentialAction\":[{\"@type\":\"SearchAction\",\"target\":{\"@type\":\"EntryPoint\",\"urlTemplate\":\"https:\\\/\\\/www.mallobee.com\\\/wp\\\/?s={search_term_string}\"},\"query-input\":{\"@type\":\"PropertyValueSpecification\",\"valueRequired\":true,\"valueName\":\"search_term_string\"}}],\"inLanguage\":\"de\"}]}<\/script>\n<!-- \/ Yoast SEO plugin. -->","yoast_head_json":{"title":"Deutschland - mallobee.com","robots":{"index":"index","follow":"follow","max-snippet":"max-snippet:-1","max-image-preview":"max-image-preview:large","max-video-preview":"max-video-preview:-1"},"canonical":"https:\/\/www.mallobee.com\/wp\/?page_id=1209","og_locale":"de_DE","og_type":"article","og_title":"Deutschland - mallobee.com","og_description":"\u00dcber meine Heimat gibt es nat\u00fcrlich sehr viel zu erz\u00e4hlen. Daher gibt es noch einmal Unterseiten zu den Bundesl\u00e4ndern: Bayern Baden W\u00fcrttemberg Berlin Brandenburg Bremen Hamburg Hessen Mecklenburg Vorpommern Niedersachsen Nordrhein Westfalen Rheinland Pfalz Saarland Sachsen Sachsen Anhalt Schleswig Holstein Th\u00fcringen","og_url":"https:\/\/www.mallobee.com\/wp\/?page_id=1209","og_site_name":"mallobee.com","article_modified_time":"2017-04-19T12:35:36+00:00","twitter_card":"summary_large_image","schema":{"@context":"https:\/\/schema.org","@graph":[{"@type":"WebPage","@id":"https:\/\/www.mallobee.com\/wp\/?page_id=1209","url":"https:\/\/www.mallobee.com\/wp\/?page_id=1209","name":"Deutschland - mallobee.com","isPartOf":{"@id":"https:\/\/www.mallobee.com\/wp\/#website"},"datePublished":"2014-04-25T21:01:22+00:00","dateModified":"2017-04-19T12:35:36+00:00","breadcrumb":{"@id":"https:\/\/www.mallobee.com\/wp\/?page_id=1209#breadcrumb"},"inLanguage":"de","potentialAction":[{"@type":"ReadAction","target":["https:\/\/www.mallobee.com\/wp\/?page_id=1209"]}]},{"@type":"BreadcrumbList","@id":"https:\/\/www.mallobee.com\/wp\/?page_id=1209#breadcrumb","itemListElement":[{"@type":"ListItem","position":1,"name":"Start","item":"https:\/\/www.mallobee.com\/wp"},{"@type":"ListItem","position":2,"name":"Reisen","item":"https:\/\/www.mallobee.com\/wp\/?page_id=19"},{"@type":"ListItem","position":3,"name":"Europa","item":"https:\/\/www.mallobee.com\/wp\/?page_id=592"},{"@type":"ListItem","position":4,"name":"Deutschland"}]},{"@type":"WebSite","@id":"https:\/\/www.mallobee.com\/wp\/#website","url":"https:\/\/www.mallobee.com\/wp\/","name":"mallobee.com","description":"Live life and have fun","potentialAction":[{"@type":"SearchAction","target":{"@type":"EntryPoint","urlTemplate":"https:\/\/www.mallobee.com\/wp\/?s={search_term_string}"},"query-input":{"@type":"PropertyValueSpecification","valueRequired":true,"valueName":"search_term_string"}}],"inLanguage":"de"}]}},"jetpack_sharing_enabled":true,"jetpack_shortlink":"https:\/\/wp.me\/P4zjIh-jv","jetpack_likes_enabled":true,"jetpack-related-posts":[],"_links":{"self":[{"href":"https:\/\/www.mallobee.com\/wp\/index.php?rest_route=\/wp\/v2\/pages\/1209","targetHints":{"allow":["GET"]}}],"collection":[{"href":"https:\/\/www.mallobee.com\/wp\/index.php?rest_route=\/wp\/v2\/pages"}],"about":[{"href":"https:\/\/www.mallobee.com\/wp\/index.php?rest_route=\/wp\/v2\/types\/page"}],"author":[{"embeddable":true,"href":"https:\/\/www.mallobee.com\/wp\/index.php?rest_route=\/wp\/v2\/users\/1"}],"replies":[{"embeddable":true,"href":"https:\/\/www.mallobee.com\/wp\/index.php?rest_route=%2Fwp%2Fv2%2Fcomments&post=1209"}],"version-history":[{"count":2,"href":"https:\/\/www.mallobee.com\/wp\/index.php?rest_route=\/wp\/v2\/pages\/1209\/revisions"}],"predecessor-version":[{"id":3288,"href":"https:\/\/www.mallobee.com\/wp\/index.php?rest_route=\/wp\/v2\/pages\/1209\/revisions\/3288"}],"up":[{"embeddable":true,"href":"https:\/\/www.mallobee.com\/wp\/index.php?rest_route=\/wp\/v2\/pages\/592"}],"wp:attachment":[{"href":"https:\/\/www.mallobee.com\/wp\/index.php?rest_route=%2Fwp%2Fv2%2Fmedia&parent=1209"}],"curies":[{"name":"wp","href":"https:\/\/api.w.org\/{rel}","templated":true}]}}